{"id":1371,"date":"2017-06-23T08:38:24","date_gmt":"2017-06-23T08:38:24","guid":{"rendered":"https:\/\/tecpoint.hr\/wp\/?page_id=1371"},"modified":"2021-01-31T14:42:17","modified_gmt":"2021-01-31T13:42:17","slug":"solarni-sustavi","status":"publish","type":"page","link":"https:\/\/tecpoint.hr\/de\/solarni-sustavi\/","title":{"rendered":"<p>Solarsysteme<\/p>"},"content":{"rendered":"<p>Solartechnik bietet eine ansprechende L\u00f6sung einer erneuerbaren W\u00e4rmequelle an, die keine Umweltverschmutzung verursacht, sondern am saubersten hei\u00dfes Wasser erzeugt. Dabei sind solaranlagen ganzj\u00e4hrig atmosph\u00e4rischen Einfl\u00fcssen, hohen und niedrigen Temperaturen ausgesetzt und arbeiten st\u00e4ndig und ger\u00e4uschlos f\u00fcr Sie.<p>Unsere Reparatur- und Wartungsarbeiten gew\u00e4hrleisten den ordnungsgem\u00e4\u00dfen Betrieb Ihrer Solaranlage \u00fcber die gesamte Lebensdauer hinweg. Unsere Empfehlung ist es den Zustand der Solarfl\u00fcssigkeit und des Expansionsgef\u00e4\u00dfes mindestens alle 5 Jahre \u00fcberpr\u00fcfen zulassen.<\/p><\/p>","protected":false},"excerpt":{"rendered":"<p>Mehr Information<\/p>","protected":false},"author":1,"featured_media":0,"parent":0,"menu_order":0,"comment_status":"closed","ping_status":"closed","template":"","meta":{"footnotes":""},"yoast_head":"<!-- This site is optimized with the Yoast SEO plugin v22.7 - https:\/\/yoast.com\/wordpress\/plugins\/seo\/ -->\n<title>Solarni sustavi &#8211; Tecpoint<\/title>\n<meta name=\"robots\" content=\"index, follow, max-snippet:-1, max-image-preview:large, max-video-preview:-1\" \/>\n<link rel=\"canonical\" href=\"https:\/\/tecpoint.hr\/de\/solarni-sustavi\/\" \/>\n<meta property=\"og:locale\" content=\"de_DE\" \/>\n<meta property=\"og:type\" content=\"article\" \/>\n<meta property=\"og:title\" content=\"Solarni sustavi &#8211; Tecpoint\" \/>\n<meta property=\"og:description\" content=\"Vi\u0161e informacija\" \/>\n<meta property=\"og:url\" content=\"https:\/\/tecpoint.hr\/de\/solarni-sustavi\/\" \/>\n<meta property=\"og:site_name\" content=\"Tecpoint\" \/>\n<meta property=\"article:publisher\" content=\"https:\/\/www.facebook.com\/TecpointRijeka\" \/>\n<meta property=\"article:modified_time\" content=\"2021-01-31T13:42:17+00:00\" \/>\n<meta name=\"twitter:card\" content=\"summary_large_image\" \/>\n<meta name=\"twitter:label1\" content=\"Gesch\u00e4tzte Lesezeit\" \/>\n\t<meta name=\"twitter:data1\" content=\"1\u00a0Minute\" \/>\n<script type=\"application\/ld+json\" class=\"yoast-schema-graph\">{\"@context\":\"https:\/\/schema.org\",\"@graph\":[{\"@type\":\"WebPage\",\"@id\":\"https:\/\/tecpoint.hr\/solarni-sustavi\/\",\"url\":\"https:\/\/tecpoint.hr\/solarni-sustavi\/\",\"name\":\"Solarni sustavi &#8211; Tecpoint\",\"isPartOf\":{\"@id\":\"https:\/\/tecpoint.hr\/#website\"},\"datePublished\":\"2017-06-23T08:38:24+00:00\",\"dateModified\":\"2021-01-31T13:42:17+00:00\",\"breadcrumb\":{\"@id\":\"https:\/\/tecpoint.hr\/solarni-sustavi\/#breadcrumb\"},\"inLanguage\":\"de\",\"potentialAction\":[{\"@type\":\"ReadAction\",\"target\":[\"https:\/\/tecpoint.hr\/solarni-sustavi\/\"]}]},{\"@type\":\"BreadcrumbList\",\"@id\":\"https:\/\/tecpoint.hr\/solarni-sustavi\/#breadcrumb\",\"itemListElement\":[{\"@type\":\"ListItem\",\"position\":1,\"name\":\"Home\",\"item\":\"https:\/\/tecpoint.hr\/\"},{\"@type\":\"ListItem\",\"position\":2,\"name\":\"Solarni sustavi\"}]},{\"@type\":\"WebSite\",\"@id\":\"https:\/\/tecpoint.hr\/#website\",\"url\":\"https:\/\/tecpoint.hr\/\",\"name\":\"Tecpoint\",\"description\":\"Tecpoint d.o.o. za trgovinu, usluge i servis\",\"publisher\":{\"@id\":\"https:\/\/tecpoint.hr\/#organization\"},\"potentialAction\":[{\"@type\":\"SearchAction\",\"target\":{\"@type\":\"EntryPoint\",\"urlTemplate\":\"https:\/\/tecpoint.hr\/?s={search_term_string}\"},\"query-input\":\"required name=search_term_string\"}],\"inLanguage\":\"de\"},{\"@type\":\"Organization\",\"@id\":\"https:\/\/tecpoint.hr\/#organization\",\"name\":\"Tecpoint\",\"url\":\"https:\/\/tecpoint.hr\/\",\"logo\":{\"@type\":\"ImageObject\",\"inLanguage\":\"de\",\"@id\":\"https:\/\/tecpoint.hr\/#\/schema\/logo\/image\/\",\"url\":\"https:\/\/tecpoint.hr\/wp-content\/uploads\/2017\/06\/Artboard-1.png\",\"contentUrl\":\"https:\/\/tecpoint.hr\/wp-content\/uploads\/2017\/06\/Artboard-1.png\",\"width\":512,\"height\":512,\"caption\":\"Tecpoint\"},\"image\":{\"@id\":\"https:\/\/tecpoint.hr\/#\/schema\/logo\/image\/\"},\"sameAs\":[\"https:\/\/www.facebook.com\/TecpointRijeka\"]}]}<\/script>\n<!-- \/ Yoast SEO plugin. -->","yoast_head_json":{"title":"Solarni sustavi &#8211; Tecpoint","robots":{"index":"index","follow":"follow","max-snippet":"max-snippet:-1","max-image-preview":"max-image-preview:large","max-video-preview":"max-video-preview:-1"},"canonical":"https:\/\/tecpoint.hr\/de\/solarni-sustavi\/","og_locale":"de_DE","og_type":"article","og_title":"Solarni sustavi &#8211; Tecpoint","og_description":"Vi\u0161e informacija","og_url":"https:\/\/tecpoint.hr\/de\/solarni-sustavi\/","og_site_name":"Tecpoint","article_publisher":"https:\/\/www.facebook.com\/TecpointRijeka","article_modified_time":"2021-01-31T13:42:17+00:00","twitter_card":"summary_large_image","twitter_misc":{"Gesch\u00e4tzte Lesezeit":"1\u00a0Minute"},"schema":{"@context":"https:\/\/schema.org","@graph":[{"@type":"WebPage","@id":"https:\/\/tecpoint.hr\/solarni-sustavi\/","url":"https:\/\/tecpoint.hr\/solarni-sustavi\/","name":"Solarni sustavi &#8211; Tecpoint","isPartOf":{"@id":"https:\/\/tecpoint.hr\/#website"},"datePublished":"2017-06-23T08:38:24+00:00","dateModified":"2021-01-31T13:42:17+00:00","breadcrumb":{"@id":"https:\/\/tecpoint.hr\/solarni-sustavi\/#breadcrumb"},"inLanguage":"de","potentialAction":[{"@type":"ReadAction","target":["https:\/\/tecpoint.hr\/solarni-sustavi\/"]}]},{"@type":"BreadcrumbList","@id":"https:\/\/tecpoint.hr\/solarni-sustavi\/#breadcrumb","itemListElement":[{"@type":"ListItem","position":1,"name":"Home","item":"https:\/\/tecpoint.hr\/"},{"@type":"ListItem","position":2,"name":"Solarni sustavi"}]},{"@type":"WebSite","@id":"https:\/\/tecpoint.hr\/#website","url":"https:\/\/tecpoint.hr\/","name":"Tecpoint","description":"Tecpoint d.o.o. za trgovinu, usluge i servis","publisher":{"@id":"https:\/\/tecpoint.hr\/#organization"},"potentialAction":[{"@type":"SearchAction","target":{"@type":"EntryPoint","urlTemplate":"https:\/\/tecpoint.hr\/?s={search_term_string}"},"query-input":"required name=search_term_string"}],"inLanguage":"de"},{"@type":"Organization","@id":"https:\/\/tecpoint.hr\/#organization","name":"Tecpoint","url":"https:\/\/tecpoint.hr\/","logo":{"@type":"ImageObject","inLanguage":"de","@id":"https:\/\/tecpoint.hr\/#\/schema\/logo\/image\/","url":"https:\/\/tecpoint.hr\/wp-content\/uploads\/2017\/06\/Artboard-1.png","contentUrl":"https:\/\/tecpoint.hr\/wp-content\/uploads\/2017\/06\/Artboard-1.png","width":512,"height":512,"caption":"Tecpoint"},"image":{"@id":"https:\/\/tecpoint.hr\/#\/schema\/logo\/image\/"},"sameAs":["https:\/\/www.facebook.com\/TecpointRijeka"]}]}},"_links":{"self":[{"href":"https:\/\/tecpoint.hr\/de\/wp-json\/wp\/v2\/pages\/1371"}],"collection":[{"href":"https:\/\/tecpoint.hr\/de\/wp-json\/wp\/v2\/pages"}],"about":[{"href":"https:\/\/tecpoint.hr\/de\/wp-json\/wp\/v2\/types\/page"}],"author":[{"embeddable":true,"href":"https:\/\/tecpoint.hr\/de\/wp-json\/wp\/v2\/users\/1"}],"replies":[{"embeddable":true,"href":"https:\/\/tecpoint.hr\/de\/wp-json\/wp\/v2\/comments?post=1371"}],"version-history":[{"count":8,"href":"https:\/\/tecpoint.hr\/de\/wp-json\/wp\/v2\/pages\/1371\/revisions"}],"predecessor-version":[{"id":1728,"href":"https:\/\/tecpoint.hr\/de\/wp-json\/wp\/v2\/pages\/1371\/revisions\/1728"}],"wp:attachment":[{"href":"https:\/\/tecpoint.hr\/de\/wp-json\/wp\/v2\/media?parent=1371"}],"curies":[{"name":"wp","href":"https:\/\/api.w.org\/{rel}","templated":true}]}}