{"id":1373,"date":"2017-06-23T08:39:12","date_gmt":"2017-06-23T08:39:12","guid":{"rendered":"https:\/\/tecpoint.hr\/wp\/?page_id=1373"},"modified":"2021-01-31T14:53:47","modified_gmt":"2021-01-31T13:53:47","slug":"klimatizacijski-uredaji","status":"publish","type":"page","link":"https:\/\/tecpoint.hr\/de\/klimatizacijski-uredaji\/","title":{"rendered":"<p>W\u00e4rmepumpen<\/p>"},"content":{"rendered":"<p>Die Erw\u00e4rmung der Zukunft ist unsere Gegenwart. Die t\u00e4gliche Weiterentwicklung dieser Technologie f\u00fchrt uns in eine neue Zeit kompromisslosen Raumkomforts mit immer geringerem CO2-Fu\u00dfabdruck zum endg\u00fcltigen Ziel, dass keine Umweltverschmutzung verursacht.<p>Von der Inbetriebnahme der Anlage \u00fcber den Wartungsarbeiten bis hin zu allen Reparaturen sind wir mit dem erforderlichen Werkzeug, Wissen und Zertifikaten ausgestattet.<\/p><\/p>","protected":false},"excerpt":{"rendered":"<p>Mehr Information<\/p>","protected":false},"author":1,"featured_media":0,"parent":0,"menu_order":0,"comment_status":"closed","ping_status":"closed","template":"","meta":{"footnotes":""},"yoast_head":"<!-- This site is optimized with the Yoast SEO plugin v22.7 - https:\/\/yoast.com\/wordpress\/plugins\/seo\/ -->\n<title>Dizalice topline &#8211; Tecpoint<\/title>\n<meta name=\"robots\" content=\"index, follow, max-snippet:-1, max-image-preview:large, max-video-preview:-1\" \/>\n<link rel=\"canonical\" href=\"https:\/\/tecpoint.hr\/de\/klimatizacijski-uredaji\/\" \/>\n<meta property=\"og:locale\" content=\"de_DE\" \/>\n<meta property=\"og:type\" content=\"article\" \/>\n<meta property=\"og:title\" content=\"Dizalice topline &#8211; Tecpoint\" \/>\n<meta property=\"og:description\" content=\"Vi\u0161e informacija\" \/>\n<meta property=\"og:url\" content=\"https:\/\/tecpoint.hr\/de\/klimatizacijski-uredaji\/\" \/>\n<meta property=\"og:site_name\" content=\"Tecpoint\" \/>\n<meta property=\"article:publisher\" content=\"https:\/\/www.facebook.com\/TecpointRijeka\" \/>\n<meta property=\"article:modified_time\" content=\"2021-01-31T13:53:47+00:00\" \/>\n<meta name=\"twitter:card\" content=\"summary_large_image\" \/>\n<meta name=\"twitter:label1\" content=\"Gesch\u00e4tzte Lesezeit\" \/>\n\t<meta name=\"twitter:data1\" content=\"1\u00a0Minute\" \/>\n<script type=\"application\/ld+json\" class=\"yoast-schema-graph\">{\"@context\":\"https:\/\/schema.org\",\"@graph\":[{\"@type\":\"WebPage\",\"@id\":\"https:\/\/tecpoint.hr\/klimatizacijski-uredaji\/\",\"url\":\"https:\/\/tecpoint.hr\/klimatizacijski-uredaji\/\",\"name\":\"Dizalice topline &#8211; Tecpoint\",\"isPartOf\":{\"@id\":\"https:\/\/tecpoint.hr\/#website\"},\"datePublished\":\"2017-06-23T08:39:12+00:00\",\"dateModified\":\"2021-01-31T13:53:47+00:00\",\"breadcrumb\":{\"@id\":\"https:\/\/tecpoint.hr\/klimatizacijski-uredaji\/#breadcrumb\"},\"inLanguage\":\"de\",\"potentialAction\":[{\"@type\":\"ReadAction\",\"target\":[\"https:\/\/tecpoint.hr\/klimatizacijski-uredaji\/\"]}]},{\"@type\":\"BreadcrumbList\",\"@id\":\"https:\/\/tecpoint.hr\/klimatizacijski-uredaji\/#breadcrumb\",\"itemListElement\":[{\"@type\":\"ListItem\",\"position\":1,\"name\":\"Home\",\"item\":\"https:\/\/tecpoint.hr\/\"},{\"@type\":\"ListItem\",\"position\":2,\"name\":\"Dizalice topline\"}]},{\"@type\":\"WebSite\",\"@id\":\"https:\/\/tecpoint.hr\/#website\",\"url\":\"https:\/\/tecpoint.hr\/\",\"name\":\"Tecpoint\",\"description\":\"Tecpoint d.o.o. za trgovinu, usluge i servis\",\"publisher\":{\"@id\":\"https:\/\/tecpoint.hr\/#organization\"},\"potentialAction\":[{\"@type\":\"SearchAction\",\"target\":{\"@type\":\"EntryPoint\",\"urlTemplate\":\"https:\/\/tecpoint.hr\/?s={search_term_string}\"},\"query-input\":\"required name=search_term_string\"}],\"inLanguage\":\"de\"},{\"@type\":\"Organization\",\"@id\":\"https:\/\/tecpoint.hr\/#organization\",\"name\":\"Tecpoint\",\"url\":\"https:\/\/tecpoint.hr\/\",\"logo\":{\"@type\":\"ImageObject\",\"inLanguage\":\"de\",\"@id\":\"https:\/\/tecpoint.hr\/#\/schema\/logo\/image\/\",\"url\":\"https:\/\/tecpoint.hr\/wp-content\/uploads\/2017\/06\/Artboard-1.png\",\"contentUrl\":\"https:\/\/tecpoint.hr\/wp-content\/uploads\/2017\/06\/Artboard-1.png\",\"width\":512,\"height\":512,\"caption\":\"Tecpoint\"},\"image\":{\"@id\":\"https:\/\/tecpoint.hr\/#\/schema\/logo\/image\/\"},\"sameAs\":[\"https:\/\/www.facebook.com\/TecpointRijeka\"]}]}<\/script>\n<!-- \/ Yoast SEO plugin. -->","yoast_head_json":{"title":"Dizalice topline &#8211; Tecpoint","robots":{"index":"index","follow":"follow","max-snippet":"max-snippet:-1","max-image-preview":"max-image-preview:large","max-video-preview":"max-video-preview:-1"},"canonical":"https:\/\/tecpoint.hr\/de\/klimatizacijski-uredaji\/","og_locale":"de_DE","og_type":"article","og_title":"Dizalice topline &#8211; Tecpoint","og_description":"Vi\u0161e informacija","og_url":"https:\/\/tecpoint.hr\/de\/klimatizacijski-uredaji\/","og_site_name":"Tecpoint","article_publisher":"https:\/\/www.facebook.com\/TecpointRijeka","article_modified_time":"2021-01-31T13:53:47+00:00","twitter_card":"summary_large_image","twitter_misc":{"Gesch\u00e4tzte Lesezeit":"1\u00a0Minute"},"schema":{"@context":"https:\/\/schema.org","@graph":[{"@type":"WebPage","@id":"https:\/\/tecpoint.hr\/klimatizacijski-uredaji\/","url":"https:\/\/tecpoint.hr\/klimatizacijski-uredaji\/","name":"Dizalice topline &#8211; Tecpoint","isPartOf":{"@id":"https:\/\/tecpoint.hr\/#website"},"datePublished":"2017-06-23T08:39:12+00:00","dateModified":"2021-01-31T13:53:47+00:00","breadcrumb":{"@id":"https:\/\/tecpoint.hr\/klimatizacijski-uredaji\/#breadcrumb"},"inLanguage":"de","potentialAction":[{"@type":"ReadAction","target":["https:\/\/tecpoint.hr\/klimatizacijski-uredaji\/"]}]},{"@type":"BreadcrumbList","@id":"https:\/\/tecpoint.hr\/klimatizacijski-uredaji\/#breadcrumb","itemListElement":[{"@type":"ListItem","position":1,"name":"Home","item":"https:\/\/tecpoint.hr\/"},{"@type":"ListItem","position":2,"name":"Dizalice topline"}]},{"@type":"WebSite","@id":"https:\/\/tecpoint.hr\/#website","url":"https:\/\/tecpoint.hr\/","name":"Tecpoint","description":"Tecpoint d.o.o. za trgovinu, usluge i servis","publisher":{"@id":"https:\/\/tecpoint.hr\/#organization"},"potentialAction":[{"@type":"SearchAction","target":{"@type":"EntryPoint","urlTemplate":"https:\/\/tecpoint.hr\/?s={search_term_string}"},"query-input":"required name=search_term_string"}],"inLanguage":"de"},{"@type":"Organization","@id":"https:\/\/tecpoint.hr\/#organization","name":"Tecpoint","url":"https:\/\/tecpoint.hr\/","logo":{"@type":"ImageObject","inLanguage":"de","@id":"https:\/\/tecpoint.hr\/#\/schema\/logo\/image\/","url":"https:\/\/tecpoint.hr\/wp-content\/uploads\/2017\/06\/Artboard-1.png","contentUrl":"https:\/\/tecpoint.hr\/wp-content\/uploads\/2017\/06\/Artboard-1.png","width":512,"height":512,"caption":"Tecpoint"},"image":{"@id":"https:\/\/tecpoint.hr\/#\/schema\/logo\/image\/"},"sameAs":["https:\/\/www.facebook.com\/TecpointRijeka"]}]}},"_links":{"self":[{"href":"https:\/\/tecpoint.hr\/de\/wp-json\/wp\/v2\/pages\/1373"}],"collection":[{"href":"https:\/\/tecpoint.hr\/de\/wp-json\/wp\/v2\/pages"}],"about":[{"href":"https:\/\/tecpoint.hr\/de\/wp-json\/wp\/v2\/types\/page"}],"author":[{"embeddable":true,"href":"https:\/\/tecpoint.hr\/de\/wp-json\/wp\/v2\/users\/1"}],"replies":[{"embeddable":true,"href":"https:\/\/tecpoint.hr\/de\/wp-json\/wp\/v2\/comments?post=1373"}],"version-history":[{"count":5,"href":"https:\/\/tecpoint.hr\/de\/wp-json\/wp\/v2\/pages\/1373\/revisions"}],"predecessor-version":[{"id":1730,"href":"https:\/\/tecpoint.hr\/de\/wp-json\/wp\/v2\/pages\/1373\/revisions\/1730"}],"wp:attachment":[{"href":"https:\/\/tecpoint.hr\/de\/wp-json\/wp\/v2\/media?parent=1373"}],"curies":[{"name":"wp","href":"https:\/\/api.w.org\/{rel}","templated":true}]}}