{"id":1375,"date":"2017-06-23T08:40:31","date_gmt":"2017-06-23T08:40:31","guid":{"rendered":"https:\/\/tecpoint.hr\/wp\/?page_id=1375"},"modified":"2019-03-17T19:12:38","modified_gmt":"2019-03-17T18:12:38","slug":"ostali-poslovi","status":"publish","type":"page","link":"https:\/\/tecpoint.hr\/de\/ostali-poslovi\/","title":{"rendered":"<p>Weitere T\u00e4tigkeiten<\/p>"},"content":{"rendered":"<p>T\u00e4tigkeiten im Bereich Elektrotechnik und Maschinenbau sowie Automatisierung in Bezug auf Kesselr\u00e4ume und Maschinenr\u00e4ume von Heiz- \/ K\u00fchlsystemen.<\/p>","protected":false},"excerpt":{"rendered":"<p>T\u00e4tigkeiten im Bereich Elektrotechnik und Maschinenbau sowie Automatisierung in Bezug auf Kesselr\u00e4ume und Maschinenr\u00e4ume von Heiz- \/ K\u00fchlsystemen.<\/p>","protected":false},"author":1,"featured_media":0,"parent":0,"menu_order":0,"comment_status":"closed","ping_status":"closed","template":"","meta":{"footnotes":""},"yoast_head":"<!-- This site is optimized with the Yoast SEO plugin v22.7 - https:\/\/yoast.com\/wordpress\/plugins\/seo\/ -->\n<title>Ostali poslovi &#8211; Tecpoint<\/title>\n<meta name=\"robots\" content=\"index, follow, max-snippet:-1, max-image-preview:large, max-video-preview:-1\" \/>\n<link rel=\"canonical\" href=\"https:\/\/tecpoint.hr\/de\/ostali-poslovi\/\" \/>\n<meta property=\"og:locale\" content=\"de_DE\" \/>\n<meta property=\"og:type\" content=\"article\" \/>\n<meta property=\"og:title\" content=\"Ostali poslovi &#8211; Tecpoint\" \/>\n<meta property=\"og:description\" content=\"Poslovi iz podru\u010dja elektrotehnike i strojarstva, te automatike vezani uz kotlovnice i strojarnice sustava grijanja\/hla\u0111enja.\" \/>\n<meta property=\"og:url\" content=\"https:\/\/tecpoint.hr\/de\/ostali-poslovi\/\" \/>\n<meta property=\"og:site_name\" content=\"Tecpoint\" \/>\n<meta property=\"article:publisher\" content=\"https:\/\/www.facebook.com\/TecpointRijeka\" \/>\n<meta property=\"article:modified_time\" content=\"2019-03-17T18:12:38+00:00\" \/>\n<meta name=\"twitter:card\" content=\"summary_large_image\" \/>\n<script type=\"application\/ld+json\" class=\"yoast-schema-graph\">{\"@context\":\"https:\/\/schema.org\",\"@graph\":[{\"@type\":\"WebPage\",\"@id\":\"https:\/\/tecpoint.hr\/ostali-poslovi\/\",\"url\":\"https:\/\/tecpoint.hr\/ostali-poslovi\/\",\"name\":\"Ostali poslovi &#8211; Tecpoint\",\"isPartOf\":{\"@id\":\"https:\/\/tecpoint.hr\/#website\"},\"datePublished\":\"2017-06-23T08:40:31+00:00\",\"dateModified\":\"2019-03-17T18:12:38+00:00\",\"breadcrumb\":{\"@id\":\"https:\/\/tecpoint.hr\/ostali-poslovi\/#breadcrumb\"},\"inLanguage\":\"de\",\"potentialAction\":[{\"@type\":\"ReadAction\",\"target\":[\"https:\/\/tecpoint.hr\/ostali-poslovi\/\"]}]},{\"@type\":\"BreadcrumbList\",\"@id\":\"https:\/\/tecpoint.hr\/ostali-poslovi\/#breadcrumb\",\"itemListElement\":[{\"@type\":\"ListItem\",\"position\":1,\"name\":\"Home\",\"item\":\"https:\/\/tecpoint.hr\/\"},{\"@type\":\"ListItem\",\"position\":2,\"name\":\"Ostali poslovi\"}]},{\"@type\":\"WebSite\",\"@id\":\"https:\/\/tecpoint.hr\/#website\",\"url\":\"https:\/\/tecpoint.hr\/\",\"name\":\"Tecpoint\",\"description\":\"Tecpoint d.o.o. za trgovinu, usluge i servis\",\"publisher\":{\"@id\":\"https:\/\/tecpoint.hr\/#organization\"},\"potentialAction\":[{\"@type\":\"SearchAction\",\"target\":{\"@type\":\"EntryPoint\",\"urlTemplate\":\"https:\/\/tecpoint.hr\/?s={search_term_string}\"},\"query-input\":\"required name=search_term_string\"}],\"inLanguage\":\"de\"},{\"@type\":\"Organization\",\"@id\":\"https:\/\/tecpoint.hr\/#organization\",\"name\":\"Tecpoint\",\"url\":\"https:\/\/tecpoint.hr\/\",\"logo\":{\"@type\":\"ImageObject\",\"inLanguage\":\"de\",\"@id\":\"https:\/\/tecpoint.hr\/#\/schema\/logo\/image\/\",\"url\":\"https:\/\/tecpoint.hr\/wp-content\/uploads\/2017\/06\/Artboard-1.png\",\"contentUrl\":\"https:\/\/tecpoint.hr\/wp-content\/uploads\/2017\/06\/Artboard-1.png\",\"width\":512,\"height\":512,\"caption\":\"Tecpoint\"},\"image\":{\"@id\":\"https:\/\/tecpoint.hr\/#\/schema\/logo\/image\/\"},\"sameAs\":[\"https:\/\/www.facebook.com\/TecpointRijeka\"]}]}<\/script>\n<!-- \/ Yoast SEO plugin. -->","yoast_head_json":{"title":"Ostali poslovi &#8211; Tecpoint","robots":{"index":"index","follow":"follow","max-snippet":"max-snippet:-1","max-image-preview":"max-image-preview:large","max-video-preview":"max-video-preview:-1"},"canonical":"https:\/\/tecpoint.hr\/de\/ostali-poslovi\/","og_locale":"de_DE","og_type":"article","og_title":"Ostali poslovi &#8211; Tecpoint","og_description":"Poslovi iz podru\u010dja elektrotehnike i strojarstva, te automatike vezani uz kotlovnice i strojarnice sustava grijanja\/hla\u0111enja.","og_url":"https:\/\/tecpoint.hr\/de\/ostali-poslovi\/","og_site_name":"Tecpoint","article_publisher":"https:\/\/www.facebook.com\/TecpointRijeka","article_modified_time":"2019-03-17T18:12:38+00:00","twitter_card":"summary_large_image","schema":{"@context":"https:\/\/schema.org","@graph":[{"@type":"WebPage","@id":"https:\/\/tecpoint.hr\/ostali-poslovi\/","url":"https:\/\/tecpoint.hr\/ostali-poslovi\/","name":"Ostali poslovi &#8211; Tecpoint","isPartOf":{"@id":"https:\/\/tecpoint.hr\/#website"},"datePublished":"2017-06-23T08:40:31+00:00","dateModified":"2019-03-17T18:12:38+00:00","breadcrumb":{"@id":"https:\/\/tecpoint.hr\/ostali-poslovi\/#breadcrumb"},"inLanguage":"de","potentialAction":[{"@type":"ReadAction","target":["https:\/\/tecpoint.hr\/ostali-poslovi\/"]}]},{"@type":"BreadcrumbList","@id":"https:\/\/tecpoint.hr\/ostali-poslovi\/#breadcrumb","itemListElement":[{"@type":"ListItem","position":1,"name":"Home","item":"https:\/\/tecpoint.hr\/"},{"@type":"ListItem","position":2,"name":"Ostali poslovi"}]},{"@type":"WebSite","@id":"https:\/\/tecpoint.hr\/#website","url":"https:\/\/tecpoint.hr\/","name":"Tecpoint","description":"Tecpoint d.o.o. za trgovinu, usluge i servis","publisher":{"@id":"https:\/\/tecpoint.hr\/#organization"},"potentialAction":[{"@type":"SearchAction","target":{"@type":"EntryPoint","urlTemplate":"https:\/\/tecpoint.hr\/?s={search_term_string}"},"query-input":"required name=search_term_string"}],"inLanguage":"de"},{"@type":"Organization","@id":"https:\/\/tecpoint.hr\/#organization","name":"Tecpoint","url":"https:\/\/tecpoint.hr\/","logo":{"@type":"ImageObject","inLanguage":"de","@id":"https:\/\/tecpoint.hr\/#\/schema\/logo\/image\/","url":"https:\/\/tecpoint.hr\/wp-content\/uploads\/2017\/06\/Artboard-1.png","contentUrl":"https:\/\/tecpoint.hr\/wp-content\/uploads\/2017\/06\/Artboard-1.png","width":512,"height":512,"caption":"Tecpoint"},"image":{"@id":"https:\/\/tecpoint.hr\/#\/schema\/logo\/image\/"},"sameAs":["https:\/\/www.facebook.com\/TecpointRijeka"]}]}},"_links":{"self":[{"href":"https:\/\/tecpoint.hr\/de\/wp-json\/wp\/v2\/pages\/1375"}],"collection":[{"href":"https:\/\/tecpoint.hr\/de\/wp-json\/wp\/v2\/pages"}],"about":[{"href":"https:\/\/tecpoint.hr\/de\/wp-json\/wp\/v2\/types\/page"}],"author":[{"embeddable":true,"href":"https:\/\/tecpoint.hr\/de\/wp-json\/wp\/v2\/users\/1"}],"replies":[{"embeddable":true,"href":"https:\/\/tecpoint.hr\/de\/wp-json\/wp\/v2\/comments?post=1375"}],"version-history":[{"count":4,"href":"https:\/\/tecpoint.hr\/de\/wp-json\/wp\/v2\/pages\/1375\/revisions"}],"predecessor-version":[{"id":1662,"href":"https:\/\/tecpoint.hr\/de\/wp-json\/wp\/v2\/pages\/1375\/revisions\/1662"}],"wp:attachment":[{"href":"https:\/\/tecpoint.hr\/de\/wp-json\/wp\/v2\/media?parent=1375"}],"curies":[{"name":"wp","href":"https:\/\/api.w.org\/{rel}","templated":true}]}}