{"id":1390,"date":"2017-06-23T09:02:33","date_gmt":"2017-06-23T09:02:33","guid":{"rendered":"https:\/\/tecpoint.hr\/wp\/?page_id=1390"},"modified":"2019-03-17T15:44:02","modified_gmt":"2019-03-17T14:44:02","slug":"karijere","status":"publish","type":"page","link":"https:\/\/tecpoint.hr\/de\/karijere\/","title":{"rendered":"<p>Karijere<\/p>"},"content":{"rendered":"<p><strong><img loading=\"lazy\" decoding=\"async\" class=\"alignnone wp-image-1315\" src=\"https:\/\/tecpoint.hr\/wp\/wp-content\/uploads\/2017\/06\/ured-300x81.jpg\" alt=\"\" width=\"837\" height=\"226\" srcset=\"https:\/\/tecpoint.hr\/wp-content\/uploads\/2017\/06\/ured-300x81.jpg 300w, https:\/\/tecpoint.hr\/wp-content\/uploads\/2017\/06\/ured-768x207.jpg 768w, https:\/\/tecpoint.hr\/wp-content\/uploads\/2017\/06\/ured.jpg 942w\" sizes=\"(max-width: 837px) 100vw, 837px\"><\/strong><p><strong>Otvorena radna mjesta:<\/strong><\/p><h3><strong>Serviser tehni?ar sustava grijanja, hla?enja i obnovljivih izvora energije<\/strong><\/h3><p><strong>Opis posla:<\/strong><\/p><ul>\n<li>izvr?avanje poslova servisiranja, odr?avanja i popravaka ure?aja za: grijanje, obnovljive izvore energije, hla?enje, upravlja?ke automatike u ku?anstvima, zgradama i ve?im termoenergetskim sustavima<\/li>\n<li>ispostavljanje radnih naloga i ra?una za izvr?ene radove<\/li>\n<li>detaljna briga o kvaliteti izvr?enog posla<\/li>\n<\/ul><p><strong>Uvjeti i kvalifikacije:<\/strong><\/p><ul>\n<li>SSS, VK, V?S, VSS elektrotehni?kog&nbsp; ili strojarskog usmjerenja<\/li>\n<li>voza?ka dozvola B kategorije<\/li>\n<li>potvrda o neka?njavanju<\/li>\n<li>radno iskustvo nije uvjet, po?eljno radno iskustvo u HVAC podru?ju<\/li>\n<li>certifikat za rad sa rashladnim ure?ajima koji sadr?e rashladne radne tvari je prednost za kandidate<\/li>\n<li>MS Office alati, Internet, Windows OS i Android OS<\/li>\n<li>engleski ? dobro poznavanje, njema?ki ? prednost<\/li>\n<\/ul><p><strong>Znanja i vje?tine koje tra?imo:<\/strong><\/p><ul>\n<li>zainteresiranost za rad i nadogradnju znanja u servisnom podru?ju tehni?kih poslova<\/li>\n<li>samoinicijativnost, odgovornost i upornost prilikom rje?avanja problema<\/li>\n<li>razvijene komunikacijske i organizacijske vje?tine<\/li>\n<li>orijentiranost na samostalnost u radu, strpljivost, detaljnost, preciznost i postizanje rezultata<\/li>\n<li>profesionalan odnos prema strankama i ostalom okru?enju<\/li>\n<li>spremnost na timski rad<\/li>\n<\/ul><p><strong>Nudimo:<\/strong><\/p><ul>\n<li>dinami?no i profesionalno radno okru?enje<\/li>\n<li>svakodnevno u?enje te rad s novim tehnologijama i proizvodima<\/li>\n<li>zapo?ljavanje na odre?eno s mogu?nosti zapo?ljavanja na neodre?eno vrijeme<\/li>\n<li>stimuliraju?i financijski paket<\/li>\n<\/ul><p>Ukoliko ste se prepoznali u tra?enom profilu i ?elite razvijati svoju karijeru u poticajnoj i profesionalnoj radnoj okolini po?aljite nam svoj ?ivotopis i predstavite se na e-mail <a href=\"mailto:info@tecpoint.hr?Subject=Natjecaj za posao\" target=\"_top\" rel=\"noopener noreferrer\">info@tecpoint.hr<\/a><\/p><\/p>","protected":false},"excerpt":{"rendered":"<p>Otvorena radna mjesta: Serviser tehni?ar sustava grijanja, hla?enja i obnovljivih izvora energije Opis posla: izvr?avanje poslova servisiranja, odr?avanja i popravaka ure?aja za: grijanje, obnovljive izvore energije, hla?enje, upravlja?ke automatike u &hellip;<\/p>","protected":false},"author":1,"featured_media":1315,"parent":0,"menu_order":0,"comment_status":"closed","ping_status":"closed","template":"template-fullwidth.php","meta":{"footnotes":""},"yoast_head":"<!-- This site is optimized with the Yoast SEO plugin v22.7 - https:\/\/yoast.com\/wordpress\/plugins\/seo\/ -->\n<title>Karijere &#8211; Tecpoint<\/title>\n<meta name=\"robots\" content=\"index, follow, max-snippet:-1, max-image-preview:large, max-video-preview:-1\" \/>\n<link rel=\"canonical\" href=\"https:\/\/tecpoint.hr\/de\/karijere\/\" \/>\n<meta property=\"og:locale\" content=\"de_DE\" \/>\n<meta property=\"og:type\" content=\"article\" \/>\n<meta property=\"og:title\" content=\"Karijere &#8211; Tecpoint\" \/>\n<meta property=\"og:description\" content=\"Otvorena radna mjesta: Serviser tehni\u010dar sustava grijanja, hla\u0111enja i obnovljivih izvora energije Opis posla: izvr\u0161avanje poslova servisiranja, odr\u017eavanja i popravaka ure\u0111aja za: grijanje, obnovljive izvore energije, hla\u0111enje, upravlja\u010dke automatike u ...\" \/>\n<meta property=\"og:url\" content=\"https:\/\/tecpoint.hr\/de\/karijere\/\" \/>\n<meta property=\"og:site_name\" content=\"Tecpoint\" \/>\n<meta property=\"article:publisher\" content=\"https:\/\/www.facebook.com\/TecpointRijeka\" \/>\n<meta property=\"article:modified_time\" content=\"2019-03-17T14:44:02+00:00\" \/>\n<meta property=\"og:image\" content=\"https:\/\/tecpoint.hr\/wp-content\/uploads\/2017\/06\/ured.jpg\" \/>\n\t<meta property=\"og:image:width\" content=\"942\" \/>\n\t<meta property=\"og:image:height\" content=\"254\" \/>\n\t<meta property=\"og:image:type\" content=\"image\/jpeg\" \/>\n<meta name=\"twitter:card\" content=\"summary_large_image\" \/>\n<meta name=\"twitter:label1\" content=\"Gesch\u00e4tzte Lesezeit\" \/>\n\t<meta name=\"twitter:data1\" content=\"1\u00a0Minute\" \/>\n<script type=\"application\/ld+json\" class=\"yoast-schema-graph\">{\"@context\":\"https:\/\/schema.org\",\"@graph\":[{\"@type\":\"WebPage\",\"@id\":\"https:\/\/tecpoint.hr\/karijere\/\",\"url\":\"https:\/\/tecpoint.hr\/karijere\/\",\"name\":\"Karijere &#8211; Tecpoint\",\"isPartOf\":{\"@id\":\"https:\/\/tecpoint.hr\/#website\"},\"primaryImageOfPage\":{\"@id\":\"https:\/\/tecpoint.hr\/karijere\/#primaryimage\"},\"image\":{\"@id\":\"https:\/\/tecpoint.hr\/karijere\/#primaryimage\"},\"thumbnailUrl\":\"https:\/\/tecpoint.hr\/wp-content\/uploads\/2017\/06\/ured.jpg\",\"datePublished\":\"2017-06-23T09:02:33+00:00\",\"dateModified\":\"2019-03-17T14:44:02+00:00\",\"breadcrumb\":{\"@id\":\"https:\/\/tecpoint.hr\/karijere\/#breadcrumb\"},\"inLanguage\":\"de\",\"potentialAction\":[{\"@type\":\"ReadAction\",\"target\":[\"https:\/\/tecpoint.hr\/karijere\/\"]}]},{\"@type\":\"ImageObject\",\"inLanguage\":\"de\",\"@id\":\"https:\/\/tecpoint.hr\/karijere\/#primaryimage\",\"url\":\"https:\/\/tecpoint.hr\/wp-content\/uploads\/2017\/06\/ured.jpg\",\"contentUrl\":\"https:\/\/tecpoint.hr\/wp-content\/uploads\/2017\/06\/ured.jpg\",\"width\":942,\"height\":254},{\"@type\":\"BreadcrumbList\",\"@id\":\"https:\/\/tecpoint.hr\/karijere\/#breadcrumb\",\"itemListElement\":[{\"@type\":\"ListItem\",\"position\":1,\"name\":\"Home\",\"item\":\"https:\/\/tecpoint.hr\/\"},{\"@type\":\"ListItem\",\"position\":2,\"name\":\"Karijere\"}]},{\"@type\":\"WebSite\",\"@id\":\"https:\/\/tecpoint.hr\/#website\",\"url\":\"https:\/\/tecpoint.hr\/\",\"name\":\"Tecpoint\",\"description\":\"Tecpoint d.o.o. za trgovinu, usluge i servis\",\"publisher\":{\"@id\":\"https:\/\/tecpoint.hr\/#organization\"},\"potentialAction\":[{\"@type\":\"SearchAction\",\"target\":{\"@type\":\"EntryPoint\",\"urlTemplate\":\"https:\/\/tecpoint.hr\/?s={search_term_string}\"},\"query-input\":\"required name=search_term_string\"}],\"inLanguage\":\"de\"},{\"@type\":\"Organization\",\"@id\":\"https:\/\/tecpoint.hr\/#organization\",\"name\":\"Tecpoint\",\"url\":\"https:\/\/tecpoint.hr\/\",\"logo\":{\"@type\":\"ImageObject\",\"inLanguage\":\"de\",\"@id\":\"https:\/\/tecpoint.hr\/#\/schema\/logo\/image\/\",\"url\":\"https:\/\/tecpoint.hr\/wp-content\/uploads\/2017\/06\/Artboard-1.png\",\"contentUrl\":\"https:\/\/tecpoint.hr\/wp-content\/uploads\/2017\/06\/Artboard-1.png\",\"width\":512,\"height\":512,\"caption\":\"Tecpoint\"},\"image\":{\"@id\":\"https:\/\/tecpoint.hr\/#\/schema\/logo\/image\/\"},\"sameAs\":[\"https:\/\/www.facebook.com\/TecpointRijeka\"]}]}<\/script>\n<!-- \/ Yoast SEO plugin. -->","yoast_head_json":{"title":"Karijere &#8211; Tecpoint","robots":{"index":"index","follow":"follow","max-snippet":"max-snippet:-1","max-image-preview":"max-image-preview:large","max-video-preview":"max-video-preview:-1"},"canonical":"https:\/\/tecpoint.hr\/de\/karijere\/","og_locale":"de_DE","og_type":"article","og_title":"Karijere &#8211; Tecpoint","og_description":"Otvorena radna mjesta: Serviser tehni\u010dar sustava grijanja, hla\u0111enja i obnovljivih izvora energije Opis posla: izvr\u0161avanje poslova servisiranja, odr\u017eavanja i popravaka ure\u0111aja za: grijanje, obnovljive izvore energije, hla\u0111enje, upravlja\u010dke automatike u ...","og_url":"https:\/\/tecpoint.hr\/de\/karijere\/","og_site_name":"Tecpoint","article_publisher":"https:\/\/www.facebook.com\/TecpointRijeka","article_modified_time":"2019-03-17T14:44:02+00:00","og_image":[{"width":942,"height":254,"url":"https:\/\/tecpoint.hr\/wp-content\/uploads\/2017\/06\/ured.jpg","type":"image\/jpeg"}],"twitter_card":"summary_large_image","twitter_misc":{"Gesch\u00e4tzte Lesezeit":"1\u00a0Minute"},"schema":{"@context":"https:\/\/schema.org","@graph":[{"@type":"WebPage","@id":"https:\/\/tecpoint.hr\/karijere\/","url":"https:\/\/tecpoint.hr\/karijere\/","name":"Karijere &#8211; Tecpoint","isPartOf":{"@id":"https:\/\/tecpoint.hr\/#website"},"primaryImageOfPage":{"@id":"https:\/\/tecpoint.hr\/karijere\/#primaryimage"},"image":{"@id":"https:\/\/tecpoint.hr\/karijere\/#primaryimage"},"thumbnailUrl":"https:\/\/tecpoint.hr\/wp-content\/uploads\/2017\/06\/ured.jpg","datePublished":"2017-06-23T09:02:33+00:00","dateModified":"2019-03-17T14:44:02+00:00","breadcrumb":{"@id":"https:\/\/tecpoint.hr\/karijere\/#breadcrumb"},"inLanguage":"de","potentialAction":[{"@type":"ReadAction","target":["https:\/\/tecpoint.hr\/karijere\/"]}]},{"@type":"ImageObject","inLanguage":"de","@id":"https:\/\/tecpoint.hr\/karijere\/#primaryimage","url":"https:\/\/tecpoint.hr\/wp-content\/uploads\/2017\/06\/ured.jpg","contentUrl":"https:\/\/tecpoint.hr\/wp-content\/uploads\/2017\/06\/ured.jpg","width":942,"height":254},{"@type":"BreadcrumbList","@id":"https:\/\/tecpoint.hr\/karijere\/#breadcrumb","itemListElement":[{"@type":"ListItem","position":1,"name":"Home","item":"https:\/\/tecpoint.hr\/"},{"@type":"ListItem","position":2,"name":"Karijere"}]},{"@type":"WebSite","@id":"https:\/\/tecpoint.hr\/#website","url":"https:\/\/tecpoint.hr\/","name":"Tecpoint","description":"Tecpoint d.o.o. za trgovinu, usluge i servis","publisher":{"@id":"https:\/\/tecpoint.hr\/#organization"},"potentialAction":[{"@type":"SearchAction","target":{"@type":"EntryPoint","urlTemplate":"https:\/\/tecpoint.hr\/?s={search_term_string}"},"query-input":"required name=search_term_string"}],"inLanguage":"de"},{"@type":"Organization","@id":"https:\/\/tecpoint.hr\/#organization","name":"Tecpoint","url":"https:\/\/tecpoint.hr\/","logo":{"@type":"ImageObject","inLanguage":"de","@id":"https:\/\/tecpoint.hr\/#\/schema\/logo\/image\/","url":"https:\/\/tecpoint.hr\/wp-content\/uploads\/2017\/06\/Artboard-1.png","contentUrl":"https:\/\/tecpoint.hr\/wp-content\/uploads\/2017\/06\/Artboard-1.png","width":512,"height":512,"caption":"Tecpoint"},"image":{"@id":"https:\/\/tecpoint.hr\/#\/schema\/logo\/image\/"},"sameAs":["https:\/\/www.facebook.com\/TecpointRijeka"]}]}},"_links":{"self":[{"href":"https:\/\/tecpoint.hr\/de\/wp-json\/wp\/v2\/pages\/1390"}],"collection":[{"href":"https:\/\/tecpoint.hr\/de\/wp-json\/wp\/v2\/pages"}],"about":[{"href":"https:\/\/tecpoint.hr\/de\/wp-json\/wp\/v2\/types\/page"}],"author":[{"embeddable":true,"href":"https:\/\/tecpoint.hr\/de\/wp-json\/wp\/v2\/users\/1"}],"replies":[{"embeddable":true,"href":"https:\/\/tecpoint.hr\/de\/wp-json\/wp\/v2\/comments?post=1390"}],"version-history":[{"count":12,"href":"https:\/\/tecpoint.hr\/de\/wp-json\/wp\/v2\/pages\/1390\/revisions"}],"predecessor-version":[{"id":1570,"href":"https:\/\/tecpoint.hr\/de\/wp-json\/wp\/v2\/pages\/1390\/revisions\/1570"}],"wp:featuredmedia":[{"embeddable":true,"href":"https:\/\/tecpoint.hr\/de\/wp-json\/wp\/v2\/media\/1315"}],"wp:attachment":[{"href":"https:\/\/tecpoint.hr\/de\/wp-json\/wp\/v2\/media?parent=1390"}],"curies":[{"name":"wp","href":"https:\/\/api.w.org\/{rel}","templated":true}]}}