{"id":1465,"date":"2017-06-23T19:03:24","date_gmt":"2017-06-23T18:03:24","guid":{"rendered":"https:\/\/tecpoint.hr\/wp\/?page_id=1465"},"modified":"2021-01-31T14:11:59","modified_gmt":"2021-01-31T13:11:59","slug":"nasa-vizija","status":"publish","type":"page","link":"https:\/\/tecpoint.hr\/de\/nasa-vizija\/","title":{"rendered":"<p>Unsere Vision<\/p>"},"content":{"rendered":"<p>F\u00fcr Sie, unseren Kunden, verfolgen wir aktiv die stete Weiterentwicklung neuer Technologien, und setzen diese ausgereiften Techniken zu Hause bei Ihnen ein, um Ihr Zuhause komfortabel und zuverl\u00e4ssig auf der richtigen (Wohlf\u00fchl-)Temperatur halten.<p>Wir stehen Ihnen als kompetenter und zuverl\u00e4ssiger Partner mit hohem Anspruch an Qualit\u00e4t und Timing zur Seite.<\/p><p><\/p><\/p>","protected":false},"excerpt":{"rendered":"<p>Unser Ziel ist es, f\u00fchrend bei der Verbesserung der Servicequalit\u00e4t in unserem Gesch\u00e4ftsbereich zu sein. Deshalb bieten wir unseren Kunden einen effizienten, schnellen und genauen Service an, indem wir Ihre hohen Anforderungen erf\u00fcllen. <p>Wir bieten Qualit\u00e4t und Timing f\u00fcr Ihre pers\u00f6nliche Wohlf\u00fchltemperatur!<\/p><\/p>","protected":false},"author":1,"featured_media":1301,"parent":0,"menu_order":0,"comment_status":"closed","ping_status":"closed","template":"template-fullwidth.php","meta":{"footnotes":""},"yoast_head":"<!-- This site is optimized with the Yoast SEO plugin v22.7 - https:\/\/yoast.com\/wordpress\/plugins\/seo\/ -->\n<title>Na\u0161a vizija &#8211; Tecpoint<\/title>\n<meta name=\"robots\" content=\"index, follow, max-snippet:-1, max-image-preview:large, max-video-preview:-1\" \/>\n<link rel=\"canonical\" href=\"https:\/\/tecpoint.hr\/de\/nasa-vizija\/\" \/>\n<meta property=\"og:locale\" content=\"de_DE\" \/>\n<meta property=\"og:type\" content=\"article\" \/>\n<meta property=\"og:title\" content=\"Na\u0161a vizija &#8211; Tecpoint\" \/>\n<meta property=\"og:description\" content=\"Cilj nam je biti vode\u0107i u pobolj\u0161anju kvalitete usluge u na\u0161em poslovnom podru\u010dju. Zbog toga kupcima nudimo brzu i preciznu uslugu udovoljavaju\u0107i njihovim visokim zahtjevima.  Nudimo kvalitetu i to\u010dnost za Va\u0161u osobnu ugodnu temperaturu!\" \/>\n<meta property=\"og:url\" content=\"https:\/\/tecpoint.hr\/de\/nasa-vizija\/\" \/>\n<meta property=\"og:site_name\" content=\"Tecpoint\" \/>\n<meta property=\"article:publisher\" content=\"https:\/\/www.facebook.com\/TecpointRijeka\" \/>\n<meta property=\"article:modified_time\" content=\"2021-01-31T13:11:59+00:00\" \/>\n<meta property=\"og:image\" content=\"https:\/\/tecpoint.hr\/wp-content\/uploads\/2017\/06\/20140612_154701.jpg\" \/>\n\t<meta property=\"og:image:width\" content=\"800\" \/>\n\t<meta property=\"og:image:height\" content=\"600\" \/>\n\t<meta property=\"og:image:type\" content=\"image\/jpeg\" \/>\n<meta name=\"twitter:card\" content=\"summary_large_image\" \/>\n<meta name=\"twitter:label1\" content=\"Gesch\u00e4tzte Lesezeit\" \/>\n\t<meta name=\"twitter:data1\" content=\"1\u00a0Minute\" \/>\n<script type=\"application\/ld+json\" class=\"yoast-schema-graph\">{\"@context\":\"https:\/\/schema.org\",\"@graph\":[{\"@type\":\"WebPage\",\"@id\":\"https:\/\/tecpoint.hr\/nasa-vizija\/\",\"url\":\"https:\/\/tecpoint.hr\/nasa-vizija\/\",\"name\":\"Na\u0161a vizija &#8211; Tecpoint\",\"isPartOf\":{\"@id\":\"https:\/\/tecpoint.hr\/#website\"},\"primaryImageOfPage\":{\"@id\":\"https:\/\/tecpoint.hr\/nasa-vizija\/#primaryimage\"},\"image\":{\"@id\":\"https:\/\/tecpoint.hr\/nasa-vizija\/#primaryimage\"},\"thumbnailUrl\":\"https:\/\/tecpoint.hr\/wp-content\/uploads\/2017\/06\/20140612_154701.jpg\",\"datePublished\":\"2017-06-23T18:03:24+00:00\",\"dateModified\":\"2021-01-31T13:11:59+00:00\",\"breadcrumb\":{\"@id\":\"https:\/\/tecpoint.hr\/nasa-vizija\/#breadcrumb\"},\"inLanguage\":\"de\",\"potentialAction\":[{\"@type\":\"ReadAction\",\"target\":[\"https:\/\/tecpoint.hr\/nasa-vizija\/\"]}]},{\"@type\":\"ImageObject\",\"inLanguage\":\"de\",\"@id\":\"https:\/\/tecpoint.hr\/nasa-vizija\/#primaryimage\",\"url\":\"https:\/\/tecpoint.hr\/wp-content\/uploads\/2017\/06\/20140612_154701.jpg\",\"contentUrl\":\"https:\/\/tecpoint.hr\/wp-content\/uploads\/2017\/06\/20140612_154701.jpg\",\"width\":800,\"height\":600},{\"@type\":\"BreadcrumbList\",\"@id\":\"https:\/\/tecpoint.hr\/nasa-vizija\/#breadcrumb\",\"itemListElement\":[{\"@type\":\"ListItem\",\"position\":1,\"name\":\"Home\",\"item\":\"https:\/\/tecpoint.hr\/\"},{\"@type\":\"ListItem\",\"position\":2,\"name\":\"Na\u0161a vizija\"}]},{\"@type\":\"WebSite\",\"@id\":\"https:\/\/tecpoint.hr\/#website\",\"url\":\"https:\/\/tecpoint.hr\/\",\"name\":\"Tecpoint\",\"description\":\"Tecpoint d.o.o. za trgovinu, usluge i servis\",\"publisher\":{\"@id\":\"https:\/\/tecpoint.hr\/#organization\"},\"potentialAction\":[{\"@type\":\"SearchAction\",\"target\":{\"@type\":\"EntryPoint\",\"urlTemplate\":\"https:\/\/tecpoint.hr\/?s={search_term_string}\"},\"query-input\":\"required name=search_term_string\"}],\"inLanguage\":\"de\"},{\"@type\":\"Organization\",\"@id\":\"https:\/\/tecpoint.hr\/#organization\",\"name\":\"Tecpoint\",\"url\":\"https:\/\/tecpoint.hr\/\",\"logo\":{\"@type\":\"ImageObject\",\"inLanguage\":\"de\",\"@id\":\"https:\/\/tecpoint.hr\/#\/schema\/logo\/image\/\",\"url\":\"https:\/\/tecpoint.hr\/wp-content\/uploads\/2017\/06\/Artboard-1.png\",\"contentUrl\":\"https:\/\/tecpoint.hr\/wp-content\/uploads\/2017\/06\/Artboard-1.png\",\"width\":512,\"height\":512,\"caption\":\"Tecpoint\"},\"image\":{\"@id\":\"https:\/\/tecpoint.hr\/#\/schema\/logo\/image\/\"},\"sameAs\":[\"https:\/\/www.facebook.com\/TecpointRijeka\"]}]}<\/script>\n<!-- \/ Yoast SEO plugin. -->","yoast_head_json":{"title":"Na\u0161a vizija &#8211; Tecpoint","robots":{"index":"index","follow":"follow","max-snippet":"max-snippet:-1","max-image-preview":"max-image-preview:large","max-video-preview":"max-video-preview:-1"},"canonical":"https:\/\/tecpoint.hr\/de\/nasa-vizija\/","og_locale":"de_DE","og_type":"article","og_title":"Na\u0161a vizija &#8211; Tecpoint","og_description":"Cilj nam je biti vode\u0107i u pobolj\u0161anju kvalitete usluge u na\u0161em poslovnom podru\u010dju. Zbog toga kupcima nudimo brzu i preciznu uslugu udovoljavaju\u0107i njihovim visokim zahtjevima.  Nudimo kvalitetu i to\u010dnost za Va\u0161u osobnu ugodnu temperaturu!","og_url":"https:\/\/tecpoint.hr\/de\/nasa-vizija\/","og_site_name":"Tecpoint","article_publisher":"https:\/\/www.facebook.com\/TecpointRijeka","article_modified_time":"2021-01-31T13:11:59+00:00","og_image":[{"width":800,"height":600,"url":"https:\/\/tecpoint.hr\/wp-content\/uploads\/2017\/06\/20140612_154701.jpg","type":"image\/jpeg"}],"twitter_card":"summary_large_image","twitter_misc":{"Gesch\u00e4tzte Lesezeit":"1\u00a0Minute"},"schema":{"@context":"https:\/\/schema.org","@graph":[{"@type":"WebPage","@id":"https:\/\/tecpoint.hr\/nasa-vizija\/","url":"https:\/\/tecpoint.hr\/nasa-vizija\/","name":"Na\u0161a vizija &#8211; Tecpoint","isPartOf":{"@id":"https:\/\/tecpoint.hr\/#website"},"primaryImageOfPage":{"@id":"https:\/\/tecpoint.hr\/nasa-vizija\/#primaryimage"},"image":{"@id":"https:\/\/tecpoint.hr\/nasa-vizija\/#primaryimage"},"thumbnailUrl":"https:\/\/tecpoint.hr\/wp-content\/uploads\/2017\/06\/20140612_154701.jpg","datePublished":"2017-06-23T18:03:24+00:00","dateModified":"2021-01-31T13:11:59+00:00","breadcrumb":{"@id":"https:\/\/tecpoint.hr\/nasa-vizija\/#breadcrumb"},"inLanguage":"de","potentialAction":[{"@type":"ReadAction","target":["https:\/\/tecpoint.hr\/nasa-vizija\/"]}]},{"@type":"ImageObject","inLanguage":"de","@id":"https:\/\/tecpoint.hr\/nasa-vizija\/#primaryimage","url":"https:\/\/tecpoint.hr\/wp-content\/uploads\/2017\/06\/20140612_154701.jpg","contentUrl":"https:\/\/tecpoint.hr\/wp-content\/uploads\/2017\/06\/20140612_154701.jpg","width":800,"height":600},{"@type":"BreadcrumbList","@id":"https:\/\/tecpoint.hr\/nasa-vizija\/#breadcrumb","itemListElement":[{"@type":"ListItem","position":1,"name":"Home","item":"https:\/\/tecpoint.hr\/"},{"@type":"ListItem","position":2,"name":"Na\u0161a vizija"}]},{"@type":"WebSite","@id":"https:\/\/tecpoint.hr\/#website","url":"https:\/\/tecpoint.hr\/","name":"Tecpoint","description":"Tecpoint d.o.o. za trgovinu, usluge i servis","publisher":{"@id":"https:\/\/tecpoint.hr\/#organization"},"potentialAction":[{"@type":"SearchAction","target":{"@type":"EntryPoint","urlTemplate":"https:\/\/tecpoint.hr\/?s={search_term_string}"},"query-input":"required name=search_term_string"}],"inLanguage":"de"},{"@type":"Organization","@id":"https:\/\/tecpoint.hr\/#organization","name":"Tecpoint","url":"https:\/\/tecpoint.hr\/","logo":{"@type":"ImageObject","inLanguage":"de","@id":"https:\/\/tecpoint.hr\/#\/schema\/logo\/image\/","url":"https:\/\/tecpoint.hr\/wp-content\/uploads\/2017\/06\/Artboard-1.png","contentUrl":"https:\/\/tecpoint.hr\/wp-content\/uploads\/2017\/06\/Artboard-1.png","width":512,"height":512,"caption":"Tecpoint"},"image":{"@id":"https:\/\/tecpoint.hr\/#\/schema\/logo\/image\/"},"sameAs":["https:\/\/www.facebook.com\/TecpointRijeka"]}]}},"_links":{"self":[{"href":"https:\/\/tecpoint.hr\/de\/wp-json\/wp\/v2\/pages\/1465"}],"collection":[{"href":"https:\/\/tecpoint.hr\/de\/wp-json\/wp\/v2\/pages"}],"about":[{"href":"https:\/\/tecpoint.hr\/de\/wp-json\/wp\/v2\/types\/page"}],"author":[{"embeddable":true,"href":"https:\/\/tecpoint.hr\/de\/wp-json\/wp\/v2\/users\/1"}],"replies":[{"embeddable":true,"href":"https:\/\/tecpoint.hr\/de\/wp-json\/wp\/v2\/comments?post=1465"}],"version-history":[{"count":10,"href":"https:\/\/tecpoint.hr\/de\/wp-json\/wp\/v2\/pages\/1465\/revisions"}],"predecessor-version":[{"id":1721,"href":"https:\/\/tecpoint.hr\/de\/wp-json\/wp\/v2\/pages\/1465\/revisions\/1721"}],"wp:featuredmedia":[{"embeddable":true,"href":"https:\/\/tecpoint.hr\/de\/wp-json\/wp\/v2\/media\/1301"}],"wp:attachment":[{"href":"https:\/\/tecpoint.hr\/de\/wp-json\/wp\/v2\/media?parent=1465"}],"curies":[{"name":"wp","href":"https:\/\/api.w.org\/{rel}","templated":true}]}}