{"id":1467,"date":"2017-06-23T19:05:05","date_gmt":"2017-06-23T18:05:05","guid":{"rendered":"https:\/\/tecpoint.hr\/wp\/?page_id=1467"},"modified":"2021-01-31T14:00:49","modified_gmt":"2021-01-31T13:00:49","slug":"povijest","status":"publish","type":"page","link":"https:\/\/tecpoint.hr\/de\/povijest\/","title":{"rendered":"<p>Geschichte<\/p>"},"content":{"rendered":"<p>Die Firma Tecpoint d.o.o wurde 1994 in Rijeka gegr\u00fcndet und wird seither als Familienbetrieb in der 2. Generation weitergef\u00fchrt.<p>Dieses Wissen, gepaart mit der steten Weiterentwicklung durch die junge Generation bringt Tecpoint zu dem, was es heute ist: ein dynamisches Unternehmen, welches stets danach strebt mit modernsten Methoden auf h\u00f6chstem Niveau zu arbeiten, um die W\u00fcnsche ihrer Kunden zur vollsten Zufriedenheit zu erf\u00fcllen.<\/p><\/p>","protected":false},"excerpt":{"rendered":"<p>Die Firma Tecpoint d.o.o. wurde 1994 in Rijeka gegr\u00fcndet.<p>\u00dcber 25 Jahre Erfahrung, Wissen und Qualit\u00e4t machen dieses Familienunternehmen vom Gr\u00fcndungsjahr bis heute zu etwas Besonderem.<\/p><\/p>","protected":false},"author":1,"featured_media":1543,"parent":0,"menu_order":0,"comment_status":"closed","ping_status":"closed","template":"template-fullwidth.php","meta":{"footnotes":""},"yoast_head":"<!-- This site is optimized with the Yoast SEO plugin v22.7 - https:\/\/yoast.com\/wordpress\/plugins\/seo\/ -->\n<title>Povijest &#8211; Tecpoint<\/title>\n<meta name=\"robots\" content=\"index, follow, max-snippet:-1, max-image-preview:large, max-video-preview:-1\" \/>\n<link rel=\"canonical\" href=\"https:\/\/tecpoint.hr\/de\/povijest\/\" \/>\n<meta property=\"og:locale\" content=\"de_DE\" \/>\n<meta property=\"og:type\" content=\"article\" \/>\n<meta property=\"og:title\" content=\"Povijest &#8211; Tecpoint\" \/>\n<meta property=\"og:description\" content=\"Poduze\u0107e Tecpoint d.o.o. osnovano je 1994. godine u Rijeci. Preko 25 godina iskustva, znanja i kvalitete je ono \u0161to ovo poduze\u0107e \u010dini posebnim od godine osnutka pa sve do danas.\" \/>\n<meta property=\"og:url\" content=\"https:\/\/tecpoint.hr\/de\/povijest\/\" \/>\n<meta property=\"og:site_name\" content=\"Tecpoint\" \/>\n<meta property=\"article:publisher\" content=\"https:\/\/www.facebook.com\/TecpointRijeka\" \/>\n<meta property=\"article:modified_time\" content=\"2021-01-31T13:00:49+00:00\" \/>\n<meta property=\"og:image\" content=\"https:\/\/tecpoint.hr\/wp-content\/uploads\/2019\/03\/IMG12_20180612_1022032879.jpg\" \/>\n\t<meta property=\"og:image:width\" content=\"3672\" \/>\n\t<meta property=\"og:image:height\" content=\"2135\" \/>\n\t<meta property=\"og:image:type\" content=\"image\/jpeg\" \/>\n<meta name=\"twitter:card\" content=\"summary_large_image\" \/>\n<meta name=\"twitter:label1\" content=\"Gesch\u00e4tzte Lesezeit\" \/>\n\t<meta name=\"twitter:data1\" content=\"1\u00a0Minute\" \/>\n<script type=\"application\/ld+json\" class=\"yoast-schema-graph\">{\"@context\":\"https:\/\/schema.org\",\"@graph\":[{\"@type\":\"WebPage\",\"@id\":\"https:\/\/tecpoint.hr\/povijest\/\",\"url\":\"https:\/\/tecpoint.hr\/povijest\/\",\"name\":\"Povijest &#8211; Tecpoint\",\"isPartOf\":{\"@id\":\"https:\/\/tecpoint.hr\/#website\"},\"primaryImageOfPage\":{\"@id\":\"https:\/\/tecpoint.hr\/povijest\/#primaryimage\"},\"image\":{\"@id\":\"https:\/\/tecpoint.hr\/povijest\/#primaryimage\"},\"thumbnailUrl\":\"https:\/\/tecpoint.hr\/wp-content\/uploads\/2019\/03\/IMG12_20180612_1022032879.jpg\",\"datePublished\":\"2017-06-23T18:05:05+00:00\",\"dateModified\":\"2021-01-31T13:00:49+00:00\",\"breadcrumb\":{\"@id\":\"https:\/\/tecpoint.hr\/povijest\/#breadcrumb\"},\"inLanguage\":\"de\",\"potentialAction\":[{\"@type\":\"ReadAction\",\"target\":[\"https:\/\/tecpoint.hr\/povijest\/\"]}]},{\"@type\":\"ImageObject\",\"inLanguage\":\"de\",\"@id\":\"https:\/\/tecpoint.hr\/povijest\/#primaryimage\",\"url\":\"https:\/\/tecpoint.hr\/wp-content\/uploads\/2019\/03\/IMG12_20180612_1022032879.jpg\",\"contentUrl\":\"https:\/\/tecpoint.hr\/wp-content\/uploads\/2019\/03\/IMG12_20180612_1022032879.jpg\",\"width\":3672,\"height\":2135,\"caption\":\"Vaillant aroTHERM\"},{\"@type\":\"BreadcrumbList\",\"@id\":\"https:\/\/tecpoint.hr\/povijest\/#breadcrumb\",\"itemListElement\":[{\"@type\":\"ListItem\",\"position\":1,\"name\":\"Home\",\"item\":\"https:\/\/tecpoint.hr\/\"},{\"@type\":\"ListItem\",\"position\":2,\"name\":\"Povijest\"}]},{\"@type\":\"WebSite\",\"@id\":\"https:\/\/tecpoint.hr\/#website\",\"url\":\"https:\/\/tecpoint.hr\/\",\"name\":\"Tecpoint\",\"description\":\"Tecpoint d.o.o. za trgovinu, usluge i servis\",\"publisher\":{\"@id\":\"https:\/\/tecpoint.hr\/#organization\"},\"potentialAction\":[{\"@type\":\"SearchAction\",\"target\":{\"@type\":\"EntryPoint\",\"urlTemplate\":\"https:\/\/tecpoint.hr\/?s={search_term_string}\"},\"query-input\":\"required name=search_term_string\"}],\"inLanguage\":\"de\"},{\"@type\":\"Organization\",\"@id\":\"https:\/\/tecpoint.hr\/#organization\",\"name\":\"Tecpoint\",\"url\":\"https:\/\/tecpoint.hr\/\",\"logo\":{\"@type\":\"ImageObject\",\"inLanguage\":\"de\",\"@id\":\"https:\/\/tecpoint.hr\/#\/schema\/logo\/image\/\",\"url\":\"https:\/\/tecpoint.hr\/wp-content\/uploads\/2017\/06\/Artboard-1.png\",\"contentUrl\":\"https:\/\/tecpoint.hr\/wp-content\/uploads\/2017\/06\/Artboard-1.png\",\"width\":512,\"height\":512,\"caption\":\"Tecpoint\"},\"image\":{\"@id\":\"https:\/\/tecpoint.hr\/#\/schema\/logo\/image\/\"},\"sameAs\":[\"https:\/\/www.facebook.com\/TecpointRijeka\"]}]}<\/script>\n<!-- \/ Yoast SEO plugin. -->","yoast_head_json":{"title":"Povijest &#8211; Tecpoint","robots":{"index":"index","follow":"follow","max-snippet":"max-snippet:-1","max-image-preview":"max-image-preview:large","max-video-preview":"max-video-preview:-1"},"canonical":"https:\/\/tecpoint.hr\/de\/povijest\/","og_locale":"de_DE","og_type":"article","og_title":"Povijest &#8211; Tecpoint","og_description":"Poduze\u0107e Tecpoint d.o.o. osnovano je 1994. godine u Rijeci. Preko 25 godina iskustva, znanja i kvalitete je ono \u0161to ovo poduze\u0107e \u010dini posebnim od godine osnutka pa sve do danas.","og_url":"https:\/\/tecpoint.hr\/de\/povijest\/","og_site_name":"Tecpoint","article_publisher":"https:\/\/www.facebook.com\/TecpointRijeka","article_modified_time":"2021-01-31T13:00:49+00:00","og_image":[{"width":3672,"height":2135,"url":"https:\/\/tecpoint.hr\/wp-content\/uploads\/2019\/03\/IMG12_20180612_1022032879.jpg","type":"image\/jpeg"}],"twitter_card":"summary_large_image","twitter_misc":{"Gesch\u00e4tzte Lesezeit":"1\u00a0Minute"},"schema":{"@context":"https:\/\/schema.org","@graph":[{"@type":"WebPage","@id":"https:\/\/tecpoint.hr\/povijest\/","url":"https:\/\/tecpoint.hr\/povijest\/","name":"Povijest &#8211; Tecpoint","isPartOf":{"@id":"https:\/\/tecpoint.hr\/#website"},"primaryImageOfPage":{"@id":"https:\/\/tecpoint.hr\/povijest\/#primaryimage"},"image":{"@id":"https:\/\/tecpoint.hr\/povijest\/#primaryimage"},"thumbnailUrl":"https:\/\/tecpoint.hr\/wp-content\/uploads\/2019\/03\/IMG12_20180612_1022032879.jpg","datePublished":"2017-06-23T18:05:05+00:00","dateModified":"2021-01-31T13:00:49+00:00","breadcrumb":{"@id":"https:\/\/tecpoint.hr\/povijest\/#breadcrumb"},"inLanguage":"de","potentialAction":[{"@type":"ReadAction","target":["https:\/\/tecpoint.hr\/povijest\/"]}]},{"@type":"ImageObject","inLanguage":"de","@id":"https:\/\/tecpoint.hr\/povijest\/#primaryimage","url":"https:\/\/tecpoint.hr\/wp-content\/uploads\/2019\/03\/IMG12_20180612_1022032879.jpg","contentUrl":"https:\/\/tecpoint.hr\/wp-content\/uploads\/2019\/03\/IMG12_20180612_1022032879.jpg","width":3672,"height":2135,"caption":"Vaillant aroTHERM"},{"@type":"BreadcrumbList","@id":"https:\/\/tecpoint.hr\/povijest\/#breadcrumb","itemListElement":[{"@type":"ListItem","position":1,"name":"Home","item":"https:\/\/tecpoint.hr\/"},{"@type":"ListItem","position":2,"name":"Povijest"}]},{"@type":"WebSite","@id":"https:\/\/tecpoint.hr\/#website","url":"https:\/\/tecpoint.hr\/","name":"Tecpoint","description":"Tecpoint d.o.o. za trgovinu, usluge i servis","publisher":{"@id":"https:\/\/tecpoint.hr\/#organization"},"potentialAction":[{"@type":"SearchAction","target":{"@type":"EntryPoint","urlTemplate":"https:\/\/tecpoint.hr\/?s={search_term_string}"},"query-input":"required name=search_term_string"}],"inLanguage":"de"},{"@type":"Organization","@id":"https:\/\/tecpoint.hr\/#organization","name":"Tecpoint","url":"https:\/\/tecpoint.hr\/","logo":{"@type":"ImageObject","inLanguage":"de","@id":"https:\/\/tecpoint.hr\/#\/schema\/logo\/image\/","url":"https:\/\/tecpoint.hr\/wp-content\/uploads\/2017\/06\/Artboard-1.png","contentUrl":"https:\/\/tecpoint.hr\/wp-content\/uploads\/2017\/06\/Artboard-1.png","width":512,"height":512,"caption":"Tecpoint"},"image":{"@id":"https:\/\/tecpoint.hr\/#\/schema\/logo\/image\/"},"sameAs":["https:\/\/www.facebook.com\/TecpointRijeka"]}]}},"_links":{"self":[{"href":"https:\/\/tecpoint.hr\/de\/wp-json\/wp\/v2\/pages\/1467"}],"collection":[{"href":"https:\/\/tecpoint.hr\/de\/wp-json\/wp\/v2\/pages"}],"about":[{"href":"https:\/\/tecpoint.hr\/de\/wp-json\/wp\/v2\/types\/page"}],"author":[{"embeddable":true,"href":"https:\/\/tecpoint.hr\/de\/wp-json\/wp\/v2\/users\/1"}],"replies":[{"embeddable":true,"href":"https:\/\/tecpoint.hr\/de\/wp-json\/wp\/v2\/comments?post=1467"}],"version-history":[{"count":6,"href":"https:\/\/tecpoint.hr\/de\/wp-json\/wp\/v2\/pages\/1467\/revisions"}],"predecessor-version":[{"id":1717,"href":"https:\/\/tecpoint.hr\/de\/wp-json\/wp\/v2\/pages\/1467\/revisions\/1717"}],"wp:featuredmedia":[{"embeddable":true,"href":"https:\/\/tecpoint.hr\/de\/wp-json\/wp\/v2\/media\/1543"}],"wp:attachment":[{"href":"https:\/\/tecpoint.hr\/de\/wp-json\/wp\/v2\/media?parent=1467"}],"curies":[{"name":"wp","href":"https:\/\/api.w.org\/{rel}","templated":true}]}}