{"id":1635,"date":"2021-01-28T10:42:27","date_gmt":"2021-01-28T09:42:27","guid":{"rendered":"https:\/\/tecpoint.hr\/?page_id=1635"},"modified":"2021-01-31T15:06:03","modified_gmt":"2021-01-31T14:06:03","slug":"wasseraufbereitung","status":"publish","type":"page","link":"https:\/\/tecpoint.hr\/de\/wasseraufbereitung\/","title":{"rendered":"<p>Professionelle Heizwasseraufbereitung<\/p>"},"content":{"rendered":"<p>Die Reinigung des Wassers in Ihrem Heizsystem f\u00fchrt zu einer Verl\u00e4ngerung der Lebenszeit Ihrer Zentralheizung. Hierbei ist das Ziel die schonende, s\u00e4urefreie Entfernung von Mineralien und Salzen aus dem Heizwasser, um der Bildung von Steinablagerungen (sog. \u201eKesselstein\u201c) vorzubeugen bzw. schon vorhandenen zu entfernen und somit die Lebensdauer Ihres Heizsystems zu verl\u00e4ngern. Ebenso bei \u00e4lteren Zentralheizungssystemen f\u00fchrt die Entfernung von Schlammablagerungen (Magnetitschlamm) zur Beseitigung kalter Stellen am Heizk\u00f6rper und stellt die Zirkulation im Heizungssystem wieder her.<p>Auch hier setzen wir auf h\u00f6chste Qualit\u00e4t und nutzen ausschlie\u00dflich Produkte namhafter Hersteller wie Sentinel\u00ae, Fernox\u00ae und PUROTAP\u00ae<\/p><p>Nehmen Sie mit uns Kontakt auf - gerne beraten wir Sie individuell und pers\u00f6nlich!<\/p><\/p>","protected":false},"excerpt":{"rendered":"<p>Mehr Informationen<\/p>","protected":false},"author":1,"featured_media":0,"parent":0,"menu_order":0,"comment_status":"closed","ping_status":"closed","template":"","meta":{"footnotes":""},"yoast_head":"<!-- This site is optimized with the Yoast SEO plugin v22.7 - https:\/\/yoast.com\/wordpress\/plugins\/seo\/ -->\n<title>Tretman tehni\u010dke vode &#8211; Tecpoint<\/title>\n<meta name=\"robots\" content=\"index, follow, max-snippet:-1, max-image-preview:large, max-video-preview:-1\" \/>\n<link rel=\"canonical\" href=\"https:\/\/tecpoint.hr\/de\/wasseraufbereitung\/\" \/>\n<meta property=\"og:locale\" content=\"de_DE\" \/>\n<meta property=\"og:type\" content=\"article\" \/>\n<meta property=\"og:title\" content=\"Tretman tehni\u010dke vode &#8211; Tecpoint\" \/>\n<meta property=\"og:description\" content=\"VI\u0161e informacija\" \/>\n<meta property=\"og:url\" content=\"https:\/\/tecpoint.hr\/de\/wasseraufbereitung\/\" \/>\n<meta property=\"og:site_name\" content=\"Tecpoint\" \/>\n<meta property=\"article:publisher\" content=\"https:\/\/www.facebook.com\/TecpointRijeka\" \/>\n<meta property=\"article:modified_time\" content=\"2021-01-31T14:06:03+00:00\" \/>\n<meta name=\"twitter:card\" content=\"summary_large_image\" \/>\n<meta name=\"twitter:label1\" content=\"Gesch\u00e4tzte Lesezeit\" \/>\n\t<meta name=\"twitter:data1\" content=\"1\u00a0Minute\" \/>\n<script type=\"application\/ld+json\" class=\"yoast-schema-graph\">{\"@context\":\"https:\/\/schema.org\",\"@graph\":[{\"@type\":\"WebPage\",\"@id\":\"https:\/\/tecpoint.hr\/wasseraufbereitung\/\",\"url\":\"https:\/\/tecpoint.hr\/wasseraufbereitung\/\",\"name\":\"Tretman tehni\u010dke vode &#8211; Tecpoint\",\"isPartOf\":{\"@id\":\"https:\/\/tecpoint.hr\/#website\"},\"datePublished\":\"2021-01-28T09:42:27+00:00\",\"dateModified\":\"2021-01-31T14:06:03+00:00\",\"breadcrumb\":{\"@id\":\"https:\/\/tecpoint.hr\/wasseraufbereitung\/#breadcrumb\"},\"inLanguage\":\"de\",\"potentialAction\":[{\"@type\":\"ReadAction\",\"target\":[\"https:\/\/tecpoint.hr\/wasseraufbereitung\/\"]}]},{\"@type\":\"BreadcrumbList\",\"@id\":\"https:\/\/tecpoint.hr\/wasseraufbereitung\/#breadcrumb\",\"itemListElement\":[{\"@type\":\"ListItem\",\"position\":1,\"name\":\"Home\",\"item\":\"https:\/\/tecpoint.hr\/\"},{\"@type\":\"ListItem\",\"position\":2,\"name\":\"Tretman tehni\u010dke vode\"}]},{\"@type\":\"WebSite\",\"@id\":\"https:\/\/tecpoint.hr\/#website\",\"url\":\"https:\/\/tecpoint.hr\/\",\"name\":\"Tecpoint\",\"description\":\"Tecpoint d.o.o. za trgovinu, usluge i servis\",\"publisher\":{\"@id\":\"https:\/\/tecpoint.hr\/#organization\"},\"potentialAction\":[{\"@type\":\"SearchAction\",\"target\":{\"@type\":\"EntryPoint\",\"urlTemplate\":\"https:\/\/tecpoint.hr\/?s={search_term_string}\"},\"query-input\":\"required name=search_term_string\"}],\"inLanguage\":\"de\"},{\"@type\":\"Organization\",\"@id\":\"https:\/\/tecpoint.hr\/#organization\",\"name\":\"Tecpoint\",\"url\":\"https:\/\/tecpoint.hr\/\",\"logo\":{\"@type\":\"ImageObject\",\"inLanguage\":\"de\",\"@id\":\"https:\/\/tecpoint.hr\/#\/schema\/logo\/image\/\",\"url\":\"https:\/\/tecpoint.hr\/wp-content\/uploads\/2017\/06\/Artboard-1.png\",\"contentUrl\":\"https:\/\/tecpoint.hr\/wp-content\/uploads\/2017\/06\/Artboard-1.png\",\"width\":512,\"height\":512,\"caption\":\"Tecpoint\"},\"image\":{\"@id\":\"https:\/\/tecpoint.hr\/#\/schema\/logo\/image\/\"},\"sameAs\":[\"https:\/\/www.facebook.com\/TecpointRijeka\"]}]}<\/script>\n<!-- \/ Yoast SEO plugin. -->","yoast_head_json":{"title":"Tretman tehni\u010dke vode &#8211; Tecpoint","robots":{"index":"index","follow":"follow","max-snippet":"max-snippet:-1","max-image-preview":"max-image-preview:large","max-video-preview":"max-video-preview:-1"},"canonical":"https:\/\/tecpoint.hr\/de\/wasseraufbereitung\/","og_locale":"de_DE","og_type":"article","og_title":"Tretman tehni\u010dke vode &#8211; Tecpoint","og_description":"VI\u0161e informacija","og_url":"https:\/\/tecpoint.hr\/de\/wasseraufbereitung\/","og_site_name":"Tecpoint","article_publisher":"https:\/\/www.facebook.com\/TecpointRijeka","article_modified_time":"2021-01-31T14:06:03+00:00","twitter_card":"summary_large_image","twitter_misc":{"Gesch\u00e4tzte Lesezeit":"1\u00a0Minute"},"schema":{"@context":"https:\/\/schema.org","@graph":[{"@type":"WebPage","@id":"https:\/\/tecpoint.hr\/wasseraufbereitung\/","url":"https:\/\/tecpoint.hr\/wasseraufbereitung\/","name":"Tretman tehni\u010dke vode &#8211; Tecpoint","isPartOf":{"@id":"https:\/\/tecpoint.hr\/#website"},"datePublished":"2021-01-28T09:42:27+00:00","dateModified":"2021-01-31T14:06:03+00:00","breadcrumb":{"@id":"https:\/\/tecpoint.hr\/wasseraufbereitung\/#breadcrumb"},"inLanguage":"de","potentialAction":[{"@type":"ReadAction","target":["https:\/\/tecpoint.hr\/wasseraufbereitung\/"]}]},{"@type":"BreadcrumbList","@id":"https:\/\/tecpoint.hr\/wasseraufbereitung\/#breadcrumb","itemListElement":[{"@type":"ListItem","position":1,"name":"Home","item":"https:\/\/tecpoint.hr\/"},{"@type":"ListItem","position":2,"name":"Tretman tehni\u010dke vode"}]},{"@type":"WebSite","@id":"https:\/\/tecpoint.hr\/#website","url":"https:\/\/tecpoint.hr\/","name":"Tecpoint","description":"Tecpoint d.o.o. za trgovinu, usluge i servis","publisher":{"@id":"https:\/\/tecpoint.hr\/#organization"},"potentialAction":[{"@type":"SearchAction","target":{"@type":"EntryPoint","urlTemplate":"https:\/\/tecpoint.hr\/?s={search_term_string}"},"query-input":"required name=search_term_string"}],"inLanguage":"de"},{"@type":"Organization","@id":"https:\/\/tecpoint.hr\/#organization","name":"Tecpoint","url":"https:\/\/tecpoint.hr\/","logo":{"@type":"ImageObject","inLanguage":"de","@id":"https:\/\/tecpoint.hr\/#\/schema\/logo\/image\/","url":"https:\/\/tecpoint.hr\/wp-content\/uploads\/2017\/06\/Artboard-1.png","contentUrl":"https:\/\/tecpoint.hr\/wp-content\/uploads\/2017\/06\/Artboard-1.png","width":512,"height":512,"caption":"Tecpoint"},"image":{"@id":"https:\/\/tecpoint.hr\/#\/schema\/logo\/image\/"},"sameAs":["https:\/\/www.facebook.com\/TecpointRijeka"]}]}},"_links":{"self":[{"href":"https:\/\/tecpoint.hr\/de\/wp-json\/wp\/v2\/pages\/1635"}],"collection":[{"href":"https:\/\/tecpoint.hr\/de\/wp-json\/wp\/v2\/pages"}],"about":[{"href":"https:\/\/tecpoint.hr\/de\/wp-json\/wp\/v2\/types\/page"}],"author":[{"embeddable":true,"href":"https:\/\/tecpoint.hr\/de\/wp-json\/wp\/v2\/users\/1"}],"replies":[{"embeddable":true,"href":"https:\/\/tecpoint.hr\/de\/wp-json\/wp\/v2\/comments?post=1635"}],"version-history":[{"count":7,"href":"https:\/\/tecpoint.hr\/de\/wp-json\/wp\/v2\/pages\/1635\/revisions"}],"predecessor-version":[{"id":1734,"href":"https:\/\/tecpoint.hr\/de\/wp-json\/wp\/v2\/pages\/1635\/revisions\/1734"}],"wp:attachment":[{"href":"https:\/\/tecpoint.hr\/de\/wp-json\/wp\/v2\/media?parent=1635"}],"curies":[{"name":"wp","href":"https:\/\/api.w.org\/{rel}","templated":true}]}}